{"id":2280,"date":"2024-02-23T12:39:13","date_gmt":"2024-02-23T12:39:13","guid":{"rendered":"https:\/\/firstcargo.se\/?page_id=2280"},"modified":"2024-02-24T09:00:25","modified_gmt":"2024-02-24T09:00:25","slug":"iso","status":"publish","type":"page","link":"https:\/\/firstcargo.se\/sv\/iso\/","title":{"rendered":"ISO"},"content":{"rendered":"<div class=\"fusion-fullwidth fullwidth-box fusion-builder-row-1 fusion-flex-container nonhundred-percent-fullwidth non-hundred-percent-height-scrolling\" style=\"--awb-border-radius-top-left:0px;--awb-border-radius-top-right:0px;--awb-border-radius-bottom-right:0px;--awb-border-radius-bottom-left:0px;\" ><div class=\"fusion-builder-row fusion-row fusion-flex-align-items-flex-start\" style=\"max-width:1248px;margin-left: calc(-4% \/ 2 );margin-right: calc(-4% \/ 2 );\"><div class=\"fusion-layout-column fusion_builder_column fusion-builder-column-0 fusion_builder_column_1_1 1_1 fusion-flex-column\" style=\"--awb-bg-blend:overlay;--awb-bg-size:cover;--awb-width-large:100%;--awb-margin-top-large:0px;--awb-spacing-right-large:1.92%;--awb-margin-bottom-large:0px;--awb-spacing-left-large:1.92%;--awb-width-medium:100%;--awb-spacing-right-medium:1.92%;--awb-spacing-left-medium:1.92%;--awb-width-small:100%;--awb-spacing-right-small:1.92%;--awb-spacing-left-small:1.92%;\"><div class=\"fusion-column-wrapper fusion-flex-justify-content-flex-start fusion-content-layout-column\"><div class=\"fusion-text fusion-text-1\"><p>First Cargo har arbetat med ISO 9001 och ISO 14001 sedan 2011, b\u00e5de f\u00f6r att kunderna efterfr\u00e5gade ett systematiskt arbete med kvalitet och milj\u00f6 men ocks\u00e5 f\u00f6r att det var en naturlig f\u00f6rl\u00e4ngning av v\u00e5rt s\u00e4tt att g\u00f6ra aff\u00e4rer. Numera \u00e4r det en sj\u00e4lvklar del av v\u00e5rt arbete, och senaste \u00e5ren har vi \u00e4ven kunnat verifiera oss med st\u00f6rre fokus p\u00e5 social h\u00e5llbarhet, tack vare ISO 26000-systemet. Vi var faktiskt det f\u00f6rsta transportf\u00f6retaget som fick den verifieringen \u2013 2022.<\/p>\n<p>V\u00e5r ledningsgrupp arbetar med v\u00e5ra ISO-fr\u00e5gor enligt en \u00e5rsplan. Vi internreviderar oss \u00e5rligen och uppdaterar systemet. Genom SWOT- och m\u00e5lgruppsanalyser har vi f\u00e5tt fram en bra analys att utg\u00e5 fr\u00e5n. Den visar att vi har liten eller mycket liten p\u00e5verkan p\u00e5 s\u00e5dana aspekter som involverar \u00e4gande av fastigheter eller fordon, helt enkelt f\u00f6r att vi hyr v\u00e5ra kontor och inte \u00e4ger n\u00e5gra transportfordon sj\u00e4lva.<\/p>\n<p>Det g\u00f6r att \u00e4ven om vi \u00e4r medvetna om att v\u00e5r st\u00f6rsta milj\u00f6- och klimatp\u00e5verkan \u00e4r utsl\u00e4pp av v\u00e4xthusgaser, s\u00e5 sker dessa utsl\u00e4pp indirekt i Scope 3. Vi kan d\u00e4rmed inte p\u00e5verka dem direkt, men arbetar f\u00f6r att f\u00e5 v\u00e5ra leverant\u00f6rer att s\u00e4nka sina utsl\u00e4pp, att f\u00e5 v\u00e5ra kunder att vara villiga att betala f\u00f6r fossilfria frakter och till sist \u2013 att k\u00f6pa andelar i teknik som signifikant minskar utsl\u00e4ppen vid oljeutvinning (s\u00e5 kallade insets).<\/p>\n<p>V\u00e5ra m\u00e5l fram\u00e5t \u00e4r att jobba med helt fossilfria inrikes transporter 2030. L\u00e5nga turer till och fr\u00e5n kontinenten vill ocks\u00e5 g\u00e4rna p\u00e5verka till att k\u00f6ra fossilfritt, men d\u00e4r \u00e4r vi inte n\u00e4rmaste \u00e5ren och det kan dr\u00f6ja l\u00e4ngre \u00e4n 2030. Vi vill \u00e4nd\u00e5 kunna erbjuda v\u00e5ra d\u00f6rr-till-d\u00f6rr-l\u00f6sningar p\u00e5 v\u00e4g, och vidtar d\u00e4rf\u00f6r andra \u00e5tg\u00e4rder f\u00f6r att h\u00e5lla utsl\u00e4ppen nere, som exempel ser vi till att v\u00e5ra leverant\u00f6rer har Euro 6-motorer, godk\u00e4nda d\u00e4ck och att de anv\u00e4nder ecodriving.<\/p>\n<p>N\u00e4r det g\u00e4ller v\u00e5ra mer direkta utsl\u00e4pp, s\u00e5 har vi en tj\u00e4nstebilspolicy som endast medger fossilfria bilar, \u00e4ven en poolbil f\u00f6r tj\u00e4nste\u00e4renden som \u00e4r laddelbil. Vi sorterar v\u00e5rt avfall p\u00e5 kontoren i alla fraktioner som \u00e4r m\u00f6jliga, och har gr\u00f6nt elavtal genom fastighetsv\u00e4rden.<\/p>\n<p>Vi arbetar \u00e4ven mycket med sociala aspekter av h\u00e5llbarhet och kvalitet. P\u00e5 First Cargo \u00e4r chauff\u00f6rerna inte n\u00e5gra ok\u00e4nda figurer, utan h\u00e4r \u00e4r de v\u00e4lkomna att t ex nyttja faciliteter f\u00f6r tv\u00e4tt och dusch, gym, relax och k\u00f6k \u2013 f\u00f6r att vara utvilade och fr\u00e4scha n\u00e4r de \u00e5ker igen. M\u00e5nga av v\u00e5ra kunder beh\u00f6ver ansvarsfulla transporter d\u00f6rr-till-d\u00f6rr till och fr\u00e5n kontinenten med gods som t ex dyra m\u00f6bler eller kl\u00e4der. De vill inte ta risker med mindre nogr\u00e4knade akt\u00f6rer. Vi p\u00e5verkar v\u00e5ra leverant\u00f6rer \u2013 \u00e5kerierna \u2013 att se till att chauff\u00f6rer och andra anst\u00e4llda har sk\u00e4liga villkor och ers\u00e4ttning. Och p\u00e5 v\u00e5ra kontor arbetar vi f\u00f6r en j\u00e4mn k\u00f6nsf\u00f6rdelning och goda villkor.<\/p>\n<p>Vi p\u00e5verkar v\u00e5ra leverant\u00f6rer \u2013 \u00e5kerierna \u2013 att se till att chauff\u00f6rer och andra anst\u00e4llda har sk\u00e4liga villkor och ers\u00e4ttning. Och p\u00e5 v\u00e5ra kontor arbetar vi f\u00f6r en j\u00e4mn k\u00f6nsf\u00f6rdelning och goda villkor.<\/p>\n<p>Vi transporterar inte vad som helst f\u00f6r vem som helst! Det h\u00e4nder att vi inte \u00e5tar oss transporter om vi uppt\u00e4cker oklarheter eller misst\u00e4nkt beteende fr\u00e5n kunden. Vi har ocks\u00e5 ett samarbete med Tullverket och bjuder in dem d\u00e5 och d\u00e5 f\u00f6r att informera och uppdatera oss och v\u00e5ra leverant\u00f6rer om vad vi ska vara extra observanta p\u00e5.<\/p>\n<p>\"N\u00e4r det g\u00e5r bra f\u00f6r verksamheten vill man ge n\u00e5got tillbaka till samh\u00e4llet\", brukar v\u00e5r vd s\u00e4ga. F\u00f6rutom att vara noga med att betala skatt och i \u00f6vrigt alltid g\u00f6ra det r\u00e4tta f\u00f6r oss, st\u00f6djer First Cargo en rad initiativ som syftar till att ge mindre lyckligt lottade b\u00e4ttre villkor. Det kan g\u00e4lla ungdomar i utsatta omr\u00e5den, heml\u00f6sa, mobbningsoffer eller personer med s\u00e4llsynta diagnoser. Vi har \u00e4ven samarbeten med olika \u00e5kerier f\u00f6r att erbjuda gratis transporter f\u00f6r de utsatta, till exempel krigszoner.<\/p>\n<p>Kort sagt \u2013 vi g\u00f6r vad vi kan.<\/p>\n<p>Och vi hoppas att vi kan inspirera flera att g\u00f6ra mer.<\/p>\n<p>G\u00f6teborg, Januari 2024<\/p>\n<\/div><\/div><\/div><\/div><\/div>","protected":false},"excerpt":{"rendered":"","protected":false},"author":2,"featured_media":0,"parent":0,"menu_order":0,"comment_status":"closed","ping_status":"closed","template":"100-width.php","meta":{"footnotes":""},"class_list":["post-2280","page","type-page","status-publish","hentry"],"_links":{"self":[{"href":"https:\/\/firstcargo.se\/sv\/wp-json\/wp\/v2\/pages\/2280","targetHints":{"allow":["GET"]}}],"collection":[{"href":"https:\/\/firstcargo.se\/sv\/wp-json\/wp\/v2\/pages"}],"about":[{"href":"https:\/\/firstcargo.se\/sv\/wp-json\/wp\/v2\/types\/page"}],"author":[{"embeddable":true,"href":"https:\/\/firstcargo.se\/sv\/wp-json\/wp\/v2\/users\/2"}],"replies":[{"embeddable":true,"href":"https:\/\/firstcargo.se\/sv\/wp-json\/wp\/v2\/comments?post=2280"}],"version-history":[{"count":6,"href":"https:\/\/firstcargo.se\/sv\/wp-json\/wp\/v2\/pages\/2280\/revisions"}],"predecessor-version":[{"id":2286,"href":"https:\/\/firstcargo.se\/sv\/wp-json\/wp\/v2\/pages\/2280\/revisions\/2286"}],"wp:attachment":[{"href":"https:\/\/firstcargo.se\/sv\/wp-json\/wp\/v2\/media?parent=2280"}],"curies":[{"name":"wp","href":"https:\/\/api.w.org\/{rel}","templated":true}]}}