{"id":1950,"date":"2024-02-07T10:42:02","date_gmt":"2024-02-07T10:42:02","guid":{"rendered":"https:\/\/firstcargo.se\/?page_id=1950"},"modified":"2024-11-06T14:42:02","modified_gmt":"2024-11-06T14:42:02","slug":"the-climate-pledge","status":"publish","type":"page","link":"https:\/\/firstcargo.se\/sv\/the-climate-pledge\/","title":{"rendered":"The Climate Pledge projekt 2023-2024"},"content":{"rendered":"<p><div class=\"fusion-fullwidth fullwidth-box fusion-builder-row-1 fusion-flex-container has-pattern-background has-mask-background fusion-parallax-none nonhundred-percent-fullwidth non-hundred-percent-height-scrolling\" style=\"--awb-border-radius-top-left:0px;--awb-border-radius-top-right:0px;--awb-border-radius-bottom-right:0px;--awb-border-radius-bottom-left:0px;--awb-padding-right:20px;--awb-padding-left:20px;--awb-min-height:500px;--awb-background-image:url(&quot;https:\/\/firstcargo.se\/wp-content\/uploads\/2024\/02\/First-Cargo_3-5-1024x614.png&quot;);--awb-background-size:cover;\" ><div class=\"fusion-builder-row fusion-row fusion-flex-align-items-center\" style=\"max-width:1248px;margin-left: calc(-4% \/ 2 );margin-right: calc(-4% \/ 2 );\"><div class=\"fusion-layout-column fusion_builder_column fusion-builder-column-0 fusion_builder_column_1_1 1_1 fusion-flex-column\" style=\"--awb-bg-size:cover;--awb-width-large:100%;--awb-spacing-right-large:1.92%;--awb-spacing-left-large:1.92%;--awb-width-medium:100%;--awb-order-medium:0;--awb-spacing-right-medium:1.92%;--awb-spacing-left-medium:1.92%;--awb-width-small:100%;--awb-order-small:0;--awb-spacing-right-small:1.92%;--awb-spacing-left-small:1.92%;\"><div class=\"fusion-column-wrapper fusion-column-has-shadow fusion-flex-justify-content-flex-start fusion-content-layout-column\"><div class=\"fusion-title title fusion-title-1 fusion-sep-none fusion-title-center fusion-title-text fusion-title-size-three fusion-animated\" style=\"--awb-text-color:#ffffff;--awb-font-size:50px;\" data-animationtype=\"fadeInUp\" data-animationduration=\"1.0\" data-animationoffset=\"top-into-view\"><h3 class=\"title-heading-center fusion-responsive-typography-calculated\" style=\"margin:0;font-size:1em;--fontSize:50;line-height:var(--awb-typography1-line-height);\">The Climate Pledge 2023-2024<\/h3><\/div><\/div><\/div><\/div><\/div><section class=\"fusion-fullwidth fullwidth-box fusion-builder-row-2 fusion-flex-container has-pattern-background has-mask-background nonhundred-percent-fullwidth non-hundred-percent-height-scrolling\" style=\"--awb-border-radius-top-left:0px;--awb-border-radius-top-right:0px;--awb-border-radius-bottom-right:0px;--awb-border-radius-bottom-left:0px;--awb-padding-top:7%;--awb-padding-bottom:7%;--awb-background-color:var(--awb-color2);\" ><div class=\"fusion-builder-row fusion-row fusion-flex-align-items-flex-start fusion-flex-justify-content-center\" style=\"max-width:1248px;margin-left: calc(-4% \/ 2 );margin-right: calc(-4% \/ 2 );\"><div class=\"fusion-layout-column fusion_builder_column fusion-builder-column-1 fusion_builder_column_2_3 2_3 fusion-flex-column\" style=\"--awb-padding-top:0px;--awb-padding-right:0px;--awb-padding-bottom:0px;--awb-padding-left:0px;--awb-bg-size:cover;--awb-width-large:66.666666666667%;--awb-spacing-right-large:2.88%;--awb-spacing-left-large:2.88%;--awb-width-medium:66.666666666667%;--awb-order-medium:0;--awb-spacing-right-medium:2.88%;--awb-spacing-left-medium:2.88%;--awb-width-small:100%;--awb-order-small:0;--awb-spacing-right-small:1.92%;--awb-spacing-left-small:1.92%;\"><div class=\"fusion-column-wrapper fusion-column-has-shadow fusion-flex-justify-content-flex-start fusion-content-layout-column\"><div class=\"fusion-title title fusion-title-2 fusion-sep-none fusion-title-text fusion-title-size-three\" style=\"--awb-text-color:var(--awb-color8);--awb-margin-bottom:40px;\"><h3 class=\"title-heading-left fusion-responsive-typography-calculated\" style=\"margin:0;--fontSize:40;line-height:var(--awb-typography1-line-height);\">The Climate Pledge 2023-2024<\/h3><\/div><div class=\"fusion-text fusion-text-1 fusion-text-no-margin\" style=\"--awb-margin-bottom:30px;\"><p>Vad \u00e4r Klimatl\u00f6ftet?<\/p>\n<p>Klimatl\u00f6ftet \u00e4r ett nytt ett\u00e5rigt projekt, med V\u00e4stsvenska Handelskammaren som v\u00e4rd, inom omst\u00e4llningen Klimat 2030 \u2013 V\u00e4stra G\u00f6taland och riktar sig till sm\u00e5 och medelstora f\u00f6retag som vill minska sin klimatp\u00e5verkan.<\/p>\n<p>Klimatl\u00f6ftet \u00e4r ett nytt ett\u00e5rigt projekt, med V\u00e4stsvenska Handelskammaren som v\u00e4rd, inom omst\u00e4llningen Klimat 2030 \u2013 V\u00e4stra G\u00f6taland och riktar sig till sm\u00e5 och medelstora f\u00f6retag som vill minska sin klimatp\u00e5verkan.\n\nFirst Cargo har antagit f\u00f6ljande l\u00f6ften:<\/p>\n<p><b>\u00d6vergripande l\u00f6fte<\/b><\/p>\n<p>1. Vi ska ber\u00e4kna v\u00e5r totala klimatp\u00e5verkan och ha m\u00e5l f\u00f6r \u00e5rliga utsl\u00e4ppsminskningar.<\/p>\n<p><b>L\u00f6ften om h\u00e5llbara transporter:<\/b><\/p>\n<p>3. Vi ska ha en klimatstyrd resepolicy f\u00f6r h\u00e5llbart tj\u00e4nsteresande.<\/p>\n<p>5. Vi antar Fossilfritt Sveriges transportutmaning*.<\/p>\n<p>6. Vi tar oss an Fossilfritt Sveriges tj\u00e4nstebilsutmaning.<\/p>\n<p>8. Vi kommer att ha en policy f\u00f6r distansarbete som till\u00e5ter arbete hemifr\u00e5n hela dagar.<\/p>\n<p>10. Vi kommer att ge tillg\u00e5ng till bil- eller cykelpooler, eller b\u00e5da, f\u00f6r v\u00e5ra anst\u00e4llda.<\/p>\n<p>*Det inneb\u00e4r att f\u00f6retaget antar Fossilfritt Sveriges transportutmaning f\u00f6r att n\u00e5 m\u00e5let att senast \u00e5r 2030 endast utf\u00f6ra och k\u00f6pa fossilfria inrikestransporter. Det inneb\u00e4r krav p\u00e5 br\u00e4nslen, tj\u00e4nsteresor samt resor och transporter som organisationen utf\u00f6r sj\u00e4lva och k\u00f6per in.<\/p>\n<p>Mer information p\u00e5 V\u00e4stsvenska Handelskammarens hemsida<\/p>\n<\/div><div ><a class=\"fusion-button button-flat fusion-button-default-size button-default fusion-button-default button-1 fusion-button-default-span fusion-button-default-type\" target=\"_self\" href=\"https:\/\/www.vastsvenskahandelskammaren.se\/artiklar\/klimatloftet-kronika\/\"><span class=\"fusion-button-text\">L\u00c4S MER<\/span><\/a><\/div><\/div><\/div><\/div><\/section><\/p>","protected":false},"excerpt":{"rendered":"","protected":false},"author":2,"featured_media":0,"parent":0,"menu_order":0,"comment_status":"closed","ping_status":"closed","template":"100-width.php","meta":{"footnotes":""},"class_list":["post-1950","page","type-page","status-publish","hentry"],"_links":{"self":[{"href":"https:\/\/firstcargo.se\/sv\/wp-json\/wp\/v2\/pages\/1950","targetHints":{"allow":["GET"]}}],"collection":[{"href":"https:\/\/firstcargo.se\/sv\/wp-json\/wp\/v2\/pages"}],"about":[{"href":"https:\/\/firstcargo.se\/sv\/wp-json\/wp\/v2\/types\/page"}],"author":[{"embeddable":true,"href":"https:\/\/firstcargo.se\/sv\/wp-json\/wp\/v2\/users\/2"}],"replies":[{"embeddable":true,"href":"https:\/\/firstcargo.se\/sv\/wp-json\/wp\/v2\/comments?post=1950"}],"version-history":[{"count":17,"href":"https:\/\/firstcargo.se\/sv\/wp-json\/wp\/v2\/pages\/1950\/revisions"}],"predecessor-version":[{"id":2616,"href":"https:\/\/firstcargo.se\/sv\/wp-json\/wp\/v2\/pages\/1950\/revisions\/2616"}],"wp:attachment":[{"href":"https:\/\/firstcargo.se\/sv\/wp-json\/wp\/v2\/media?parent=1950"}],"curies":[{"name":"wp","href":"https:\/\/api.w.org\/{rel}","templated":true}]}}