{"id":1943,"date":"2024-02-07T10:33:25","date_gmt":"2024-02-07T10:33:25","guid":{"rendered":"https:\/\/firstcargo.se\/?page_id=1943"},"modified":"2024-02-24T09:01:47","modified_gmt":"2024-02-24T09:01:47","slug":"responsibility-and-justice","status":"publish","type":"page","link":"https:\/\/firstcargo.se\/sv\/responsibility-and-justice\/","title":{"rendered":"Ansvar och r\u00e4ttvisa"},"content":{"rendered":"<p><div class=\"fusion-fullwidth fullwidth-box fusion-builder-row-1 fusion-flex-container has-pattern-background has-mask-background fusion-parallax-none nonhundred-percent-fullwidth non-hundred-percent-height-scrolling\" style=\"--awb-border-radius-top-left:0px;--awb-border-radius-top-right:0px;--awb-border-radius-bottom-right:0px;--awb-border-radius-bottom-left:0px;--awb-padding-right:20px;--awb-padding-left:20px;--awb-min-height:500px;--awb-background-image:url(&quot;https:\/\/firstcargo.se\/wp-content\/uploads\/2024\/02\/First-Cargo-7-1024x576.png&quot;);--awb-background-size:cover;\" ><div class=\"fusion-builder-row fusion-row fusion-flex-align-items-center\" style=\"max-width:1248px;margin-left: calc(-4% \/ 2 );margin-right: calc(-4% \/ 2 );\"><div class=\"fusion-layout-column fusion_builder_column fusion-builder-column-0 fusion_builder_column_1_1 1_1 fusion-flex-column\" style=\"--awb-bg-size:cover;--awb-width-large:100%;--awb-spacing-right-large:1.92%;--awb-spacing-left-large:1.92%;--awb-width-medium:100%;--awb-order-medium:0;--awb-spacing-right-medium:1.92%;--awb-spacing-left-medium:1.92%;--awb-width-small:100%;--awb-order-small:0;--awb-spacing-right-small:1.92%;--awb-spacing-left-small:1.92%;\"><div class=\"fusion-column-wrapper fusion-column-has-shadow fusion-flex-justify-content-flex-start fusion-content-layout-column\"><div class=\"fusion-title title fusion-title-1 fusion-sep-none fusion-title-center fusion-title-text fusion-title-size-three fusion-animated\" style=\"--awb-text-color:#ffffff;--awb-font-size:50px;\" data-animationtype=\"fadeInUp\" data-animationduration=\"1.0\" data-animationoffset=\"top-into-view\"><h3 class=\"title-heading-center fusion-responsive-typography-calculated\" style=\"margin:0;font-size:1em;--fontSize:50;line-height:var(--awb-typography1-line-height);\">Ansvar och r\u00e4ttvisa<\/h3><\/div><\/div><\/div><\/div><\/div><section class=\"fusion-fullwidth fullwidth-box fusion-builder-row-2 fusion-flex-container has-pattern-background has-mask-background nonhundred-percent-fullwidth non-hundred-percent-height-scrolling\" style=\"--awb-border-radius-top-left:0px;--awb-border-radius-top-right:0px;--awb-border-radius-bottom-right:0px;--awb-border-radius-bottom-left:0px;--awb-padding-top:7%;--awb-padding-bottom:7%;--awb-background-color:var(--awb-color2);\" ><div class=\"fusion-builder-row fusion-row fusion-flex-align-items-flex-start fusion-flex-justify-content-center\" style=\"max-width:1248px;margin-left: calc(-4% \/ 2 );margin-right: calc(-4% \/ 2 );\"><div class=\"fusion-layout-column fusion_builder_column fusion-builder-column-1 fusion_builder_column_2_3 2_3 fusion-flex-column\" style=\"--awb-padding-top:0px;--awb-padding-right:0px;--awb-padding-bottom:0px;--awb-padding-left:0px;--awb-bg-size:cover;--awb-width-large:66.666666666667%;--awb-spacing-right-large:2.88%;--awb-spacing-left-large:2.88%;--awb-width-medium:66.666666666667%;--awb-order-medium:0;--awb-spacing-right-medium:2.88%;--awb-spacing-left-medium:2.88%;--awb-width-small:100%;--awb-order-small:0;--awb-spacing-right-small:1.92%;--awb-spacing-left-small:1.92%;\"><div class=\"fusion-column-wrapper fusion-column-has-shadow fusion-flex-justify-content-flex-start fusion-content-layout-column\"><div class=\"fusion-title title fusion-title-2 fusion-sep-none fusion-title-text fusion-title-size-three\" style=\"--awb-text-color:var(--awb-color8);--awb-margin-bottom:40px;\"><h3 class=\"title-heading-left fusion-responsive-typography-calculated\" style=\"margin:0;--fontSize:40;line-height:var(--awb-typography1-line-height);\">H\u00f6rnstenarna i v\u00e5r verksamhet<\/h3><\/div><div class=\"fusion-text fusion-text-1 fusion-text-no-margin\" style=\"--awb-margin-bottom:30px;\"><p><strong>R\u00e4ttvis och transparent verksamhet<\/strong><\/p>\n<p>Vi str\u00e4var efter att vara r\u00e4ttvisa och r\u00e4ttvisa i v\u00e5rt s\u00e4tt att g\u00f6ra aff\u00e4rer. Detta anges i v\u00e5r uppf\u00f6randekod och i ISO 26000 Self Declaration. Vi str\u00e4var efter schyssta villkor och ers\u00e4ttning till chauff\u00f6rer, och tar ett personligt ansvar f\u00f6r de transporter vi initierar.<\/p>\n<p><em>\"Vi fraktar inte vad som helst f\u00f6r vem som helst\"<\/em><\/p>\n<p>V\u00e5r personal uppmuntras att ifr\u00e5gas\u00e4tta \u2013 och s\u00e4ga nej till \u2013 f\u00f6rfr\u00e5gningar som inte verkar helt okej. Vi samarbetar med Tullverket f\u00f6r att h\u00e5lla oss uppdaterade om den aktuella situationen kring smuggling och hur den kan f\u00f6rebyggas. Vi f\u00f6redrar l\u00e5ngsiktiga relationer med p\u00e5litliga \u00e5kerier.<\/p>\n<p>L\u00e4s mer om v\u00e5rt sociala h\u00e5llbarhetsarbete i v\u00e5r ISO 26000 Self Declaration:<\/p>\n<\/div><div ><a class=\"fusion-button button-flat fusion-button-default-size button-default fusion-button-default button-1 fusion-button-default-span fusion-button-default-type\" target=\"_self\" href=\"https:\/\/firstcargo.se\/sv\/\"><span class=\"fusion-button-text\">ISO 26000 Egendeklaration<\/span><\/a><\/div><div ><a class=\"fusion-button button-flat fusion-button-default-size button-default fusion-button-default button-2 fusion-button-default-span fusion-button-default-type\" target=\"_self\" href=\"https:\/\/firstcargo.se\/wp-content\/uploads\/2023\/12\/CoC-Code-of-Conduct-2023-First-Cargo-Sweden-AB-ENG.pdf#\"><span class=\"fusion-button-text\">Uppf\u00f6randekod, Code of Conduct <\/span><\/a><\/div><div ><a class=\"fusion-button button-flat fusion-button-default-size button-default fusion-button-default button-3 fusion-button-default-span fusion-button-default-type\" target=\"_self\"><span class=\"fusion-button-text\">FN:s globala m\u00e5l<\/span><\/a><\/div><\/div><\/div><\/div><\/section><\/p>","protected":false},"excerpt":{"rendered":"","protected":false},"author":2,"featured_media":0,"parent":0,"menu_order":0,"comment_status":"closed","ping_status":"closed","template":"100-width.php","meta":{"footnotes":""},"class_list":["post-1943","page","type-page","status-publish","hentry"],"_links":{"self":[{"href":"https:\/\/firstcargo.se\/sv\/wp-json\/wp\/v2\/pages\/1943","targetHints":{"allow":["GET"]}}],"collection":[{"href":"https:\/\/firstcargo.se\/sv\/wp-json\/wp\/v2\/pages"}],"about":[{"href":"https:\/\/firstcargo.se\/sv\/wp-json\/wp\/v2\/types\/page"}],"author":[{"embeddable":true,"href":"https:\/\/firstcargo.se\/sv\/wp-json\/wp\/v2\/users\/2"}],"replies":[{"embeddable":true,"href":"https:\/\/firstcargo.se\/sv\/wp-json\/wp\/v2\/comments?post=1943"}],"version-history":[{"count":15,"href":"https:\/\/firstcargo.se\/sv\/wp-json\/wp\/v2\/pages\/1943\/revisions"}],"predecessor-version":[{"id":2302,"href":"https:\/\/firstcargo.se\/sv\/wp-json\/wp\/v2\/pages\/1943\/revisions\/2302"}],"wp:attachment":[{"href":"https:\/\/firstcargo.se\/sv\/wp-json\/wp\/v2\/media?parent=1943"}],"curies":[{"name":"wp","href":"https:\/\/api.w.org\/{rel}","templated":true}]}}