{"id":1935,"date":"2024-02-07T10:25:40","date_gmt":"2024-02-07T10:25:40","guid":{"rendered":"https:\/\/firstcargo.se\/?page_id=1935"},"modified":"2024-10-01T11:09:02","modified_gmt":"2024-10-01T11:09:02","slug":"reducing-our-climate-impact","status":"publish","type":"page","link":"https:\/\/firstcargo.se\/sv\/reducing-our-climate-impact\/","title":{"rendered":"Vi minskar v\u00e5r klimatp\u00e5verkan"},"content":{"rendered":"<p><div class=\"fusion-fullwidth fullwidth-box fusion-builder-row-1 fusion-flex-container has-pattern-background has-mask-background fusion-parallax-none nonhundred-percent-fullwidth non-hundred-percent-height-scrolling\" style=\"--awb-border-radius-top-left:0px;--awb-border-radius-top-right:0px;--awb-border-radius-bottom-right:0px;--awb-border-radius-bottom-left:0px;--awb-padding-right:20px;--awb-padding-left:20px;--awb-min-height:500px;--awb-background-image:url(&quot;https:\/\/firstcargo.se\/wp-content\/uploads\/2024\/02\/First-Cargo-6-1024x576.png&quot;);--awb-background-size:cover;\" ><div class=\"fusion-builder-row fusion-row fusion-flex-align-items-center\" style=\"max-width:1248px;margin-left: calc(-4% \/ 2 );margin-right: calc(-4% \/ 2 );\"><div class=\"fusion-layout-column fusion_builder_column fusion-builder-column-0 fusion_builder_column_1_1 1_1 fusion-flex-column\" style=\"--awb-bg-size:cover;--awb-width-large:100%;--awb-spacing-right-large:1.92%;--awb-spacing-left-large:1.92%;--awb-width-medium:100%;--awb-order-medium:0;--awb-spacing-right-medium:1.92%;--awb-spacing-left-medium:1.92%;--awb-width-small:100%;--awb-order-small:0;--awb-spacing-right-small:1.92%;--awb-spacing-left-small:1.92%;\"><div class=\"fusion-column-wrapper fusion-column-has-shadow fusion-flex-justify-content-flex-start fusion-content-layout-column\"><div class=\"fusion-title title fusion-title-1 fusion-sep-none fusion-title-center fusion-title-text fusion-title-size-one fusion-animated\" style=\"--awb-text-color:#ffffff;--awb-font-size:50px;\" data-animationtype=\"fadeInUp\" data-animationduration=\"1.0\" data-animationoffset=\"top-into-view\"><h1 class=\"title-heading-center fusion-responsive-typography-calculated\" style=\"margin:0;font-size:1em;--fontSize:50;line-height:var(--awb-typography1-line-height);\">Vi minskar v\u00e5r klimatp\u00e5verkan<\/h1><\/div><\/div><\/div><\/div><\/div><section class=\"fusion-fullwidth fullwidth-box fusion-builder-row-2 fusion-flex-container has-pattern-background has-mask-background nonhundred-percent-fullwidth non-hundred-percent-height-scrolling\" style=\"--awb-border-radius-top-left:0px;--awb-border-radius-top-right:0px;--awb-border-radius-bottom-right:0px;--awb-border-radius-bottom-left:0px;--awb-padding-top:7%;--awb-padding-bottom:7%;--awb-background-color:var(--awb-color2);\" ><div class=\"fusion-builder-row fusion-row fusion-flex-align-items-flex-start fusion-flex-justify-content-center\" style=\"max-width:1248px;margin-left: calc(-4% \/ 2 );margin-right: calc(-4% \/ 2 );\"><div class=\"fusion-layout-column fusion_builder_column fusion-builder-column-1 fusion_builder_column_2_3 2_3 fusion-flex-column\" style=\"--awb-padding-top:0px;--awb-padding-right:0px;--awb-padding-bottom:0px;--awb-padding-left:0px;--awb-bg-size:cover;--awb-width-large:66.666666666667%;--awb-spacing-right-large:2.88%;--awb-spacing-left-large:2.88%;--awb-width-medium:66.666666666667%;--awb-order-medium:0;--awb-spacing-right-medium:2.88%;--awb-spacing-left-medium:2.88%;--awb-width-small:100%;--awb-order-small:0;--awb-spacing-right-small:1.92%;--awb-spacing-left-small:1.92%;\"><div class=\"fusion-column-wrapper fusion-column-has-shadow fusion-flex-justify-content-flex-start fusion-content-layout-column\"><div class=\"fusion-title title fusion-title-2 fusion-sep-none fusion-title-text fusion-title-size-three\" style=\"--awb-text-color:var(--awb-color8);--awb-margin-bottom:40px;\"><h3 class=\"title-heading-left fusion-responsive-typography-calculated\" style=\"margin:0;--fontSize:40;line-height:var(--awb-typography1-line-height);\">Reducing our impact. Now.<\/h3><\/div><div class=\"fusion-text fusion-text-1 fusion-text-no-margin\" style=\"--awb-margin-bottom:30px;\"><p>Atmosf\u00e4ren k\u00e4nner inga landsgr\u00e4nser. Om du minskar ditt eget utsl\u00e4pp eller n\u00e5gon annans g\u00f6r ingen skillnad f\u00f6r klimatet. Det viktigaste \u00e4r additionalitet. Att du g\u00f6r n\u00e5got som inte annars skulle ha skett.<\/p>\n<p>Vi vill minska v\u00e5r p\u00e5verkan inom v\u00e5r v\u00e4rdekedja. Och eftersom vi inte \u00e4ger lastbilarna ligger den p\u00e5verkan i Scope 3. Fram till 2023 har vi dragit nytta av den h\u00f6ga svenska reduktionsplikten och f\u00e5tt v\u00e5ra l\u00e5ngv\u00e4ga \u00e5kerier att fylla p\u00e5 med svensk diesel i Sverige innan vi \u00e5ker s\u00f6derut. Eftersom reduktionsplikten s\u00e4nktes till EU-minimum i januari 2024 har vi ist\u00e4llet hittat andra l\u00f6sningar f\u00f6r att minska CO2-utsl\u00e4ppen i samma utstr\u00e4ckning.<\/p>\n<p>F\u00f6r att f\u00e5 ut mesta m\u00f6jliga utsl\u00e4ppsminskningar f\u00f6r investeringen har vi valt utsl\u00e4ppsminskning inom v\u00e5r v\u00e4rdekedja, genom inf\u00e4llningar.<\/p>\n<p>V\u00e5r f\u00f6rsta satsning var att bygga insatser i uppstr\u00f6ms br\u00e4nsleproduktion, certifierad av tredjepartsakt\u00f6rer och garanterad att utel\u00e4mna utsl\u00e4pp genom ny teknik. P\u00e5 s\u00e5 s\u00e4tt omvandlas l\u00e4ckande v\u00e4xthusgaser vid oljek\u00e4llor till elektricitet och energi f\u00f6r oljeriggen, i detta specifika fall i Indonesien. F\u00f6rut br\u00e4ndes de l\u00e4ckande gaserna \u00e5ttonde \u2013 genom fackling \u2013 eller l\u00e4mnades bara f\u00f6r att sm\u00e4lta in i atmosf\u00e4ren. <\/p>\n<p>F\u00f6rra sommaren, 2024, valde vi att fokusera p\u00e5 att minska utsl\u00e4ppen fr\u00e5n transporter genom en modell d\u00e4r klimatf\u00f6rdelarna med f\u00f6rnybara br\u00e4nslen \u2013 i det h\u00e4r fallet RME \u2013 tillgodor\u00e4knas oss, men anv\u00e4nds av en annan enhet. RME st\u00e5r f\u00f6r Rapseed Methyl Ester, vilket \u00e4r en typ av biodiesel gjord av rapsolja. Denna RME har tillverkats i Sverige och anv\u00e4nds lokalt. <\/p>\n<p><b>Eftersom v\u00e5ra l\u00e5ngv\u00e4ga v\u00e4gtransporter inte kan konverteras till el eller biodiesel f\u00f6r n\u00e4rvarande, har vi beslutat att investera i den globala milj\u00f6n just nu, ist\u00e4llet f\u00f6r att v\u00e4nta p\u00e5 en framtida l\u00f6sning.<\/b><\/p>\n<\/div><div ><a class=\"fusion-button button-flat fusion-button-default-size button-default fusion-button-default button-1 fusion-button-default-span fusion-button-default-type\" target=\"_self\" href=\"https:\/\/firstcargo.se\/sv\/2024\/01\/10\/the-reduction-obligation-disappears-but-our-reduction-remains\/\"><span class=\"fusion-button-text\">L\u00c4S MER<\/span><\/a><\/div><\/div><\/div><\/div><\/section><\/p>","protected":false},"excerpt":{"rendered":"","protected":false},"author":2,"featured_media":0,"parent":0,"menu_order":0,"comment_status":"closed","ping_status":"closed","template":"100-width.php","meta":{"footnotes":""},"class_list":["post-1935","page","type-page","status-publish","hentry"],"_links":{"self":[{"href":"https:\/\/firstcargo.se\/sv\/wp-json\/wp\/v2\/pages\/1935","targetHints":{"allow":["GET"]}}],"collection":[{"href":"https:\/\/firstcargo.se\/sv\/wp-json\/wp\/v2\/pages"}],"about":[{"href":"https:\/\/firstcargo.se\/sv\/wp-json\/wp\/v2\/types\/page"}],"author":[{"embeddable":true,"href":"https:\/\/firstcargo.se\/sv\/wp-json\/wp\/v2\/users\/2"}],"replies":[{"embeddable":true,"href":"https:\/\/firstcargo.se\/sv\/wp-json\/wp\/v2\/comments?post=1935"}],"version-history":[{"count":14,"href":"https:\/\/firstcargo.se\/sv\/wp-json\/wp\/v2\/pages\/1935\/revisions"}],"predecessor-version":[{"id":2555,"href":"https:\/\/firstcargo.se\/sv\/wp-json\/wp\/v2\/pages\/1935\/revisions\/2555"}],"wp:attachment":[{"href":"https:\/\/firstcargo.se\/sv\/wp-json\/wp\/v2\/media?parent=1935"}],"curies":[{"name":"wp","href":"https:\/\/api.w.org\/{rel}","templated":true}]}}